{"id":1803,"date":"2018-08-27T12:15:55","date_gmt":"2018-08-27T12:15:55","guid":{"rendered":"http:\/\/www.lakilaukka.fi\/?page_id=1803"},"modified":"2022-09-07T18:34:40","modified_gmt":"2022-09-07T18:34:40","slug":"meista","status":"publish","type":"page","link":"https:\/\/www.lakilaukka.fi\/?page_id=1803","title":{"rendered":"Meist\u00e4"},"content":{"rendered":"\t\t<div data-elementor-type=\"wp-post\" data-elementor-id=\"1803\" class=\"elementor elementor-1803\">\n\t\t\t\t\t\t<section class=\"elementor-section elementor-top-section elementor-element elementor-element-6e99129 elementor-section-boxed elementor-section-height-default elementor-section-height-default\" data-id=\"6e99129\" data-element_type=\"section\" data-settings=\"{&quot;background_background&quot;:&quot;classic&quot;}\">\n\t\t\t\t\t\t\t<div class=\"elementor-background-overlay\"><\/div>\n\t\t\t\t\t\t\t<div class=\"elementor-container elementor-column-gap-no\">\n\t\t\t\t\t<div class=\"elementor-column elementor-col-100 elementor-top-column elementor-element elementor-element-4416359\" data-id=\"4416359\" data-element_type=\"column\">\n\t\t\t<div class=\"elementor-widget-wrap elementor-element-populated\">\n\t\t\t\t\t\t<div class=\"elementor-element elementor-element-754968b elementor-widget elementor-widget-heading\" data-id=\"754968b\" data-element_type=\"widget\" data-widget_type=\"heading.default\">\n\t\t\t\t<div class=\"elementor-widget-container\">\n\t\t\t<style>\/*! elementor - v3.21.0 - 15-04-2024 *\/\n.elementor-heading-title{padding:0;margin:0;line-height:1}.elementor-widget-heading .elementor-heading-title[class*=elementor-size-]>a{color:inherit;font-size:inherit;line-height:inherit}.elementor-widget-heading .elementor-heading-title.elementor-size-small{font-size:15px}.elementor-widget-heading .elementor-heading-title.elementor-size-medium{font-size:19px}.elementor-widget-heading .elementor-heading-title.elementor-size-large{font-size:29px}.elementor-widget-heading .elementor-heading-title.elementor-size-xl{font-size:39px}.elementor-widget-heading .elementor-heading-title.elementor-size-xxl{font-size:59px}<\/style><h1 class=\"elementor-heading-title elementor-size-default\">MEIST\u00c4<\/h1>\t\t<\/div>\n\t\t\t\t<\/div>\n\t\t\t\t\t<\/div>\n\t\t<\/div>\n\t\t\t\t\t<\/div>\n\t\t<\/section>\n\t\t\t\t<section class=\"elementor-section elementor-top-section elementor-element elementor-element-2311195 elementor-section-boxed elementor-section-height-default elementor-section-height-default\" data-id=\"2311195\" data-element_type=\"section\">\n\t\t\t\t\t\t<div class=\"elementor-container elementor-column-gap-default\">\n\t\t\t\t\t<div class=\"elementor-column elementor-col-100 elementor-top-column elementor-element elementor-element-6aa7820\" data-id=\"6aa7820\" data-element_type=\"column\">\n\t\t\t<div class=\"elementor-widget-wrap elementor-element-populated\">\n\t\t\t\t\t\t<div class=\"elementor-element elementor-element-be50579 elementor-widget elementor-widget-heading\" data-id=\"be50579\" data-element_type=\"widget\" data-widget_type=\"heading.default\">\n\t\t\t\t<div class=\"elementor-widget-container\">\n\t\t\t<h2 class=\"elementor-heading-title elementor-size-default\"><br><br> MILLAINEN LAKIASIAINTOIMISTO OLEMME?<\/h2>\t\t<\/div>\n\t\t\t\t<\/div>\n\t\t\t\t<div class=\"elementor-element elementor-element-b110130 elementor-widget elementor-widget-heading\" data-id=\"b110130\" data-element_type=\"widget\" data-widget_type=\"heading.default\">\n\t\t\t\t<div class=\"elementor-widget-container\">\n\t\t\t<h2 class=\"elementor-heading-title elementor-size-default\">TUTUSTUTAAN<\/h2>\t\t<\/div>\n\t\t\t\t<\/div>\n\t\t\t\t\t<\/div>\n\t\t<\/div>\n\t\t\t\t\t<\/div>\n\t\t<\/section>\n\t\t\t\t<section class=\"elementor-section elementor-top-section elementor-element elementor-element-6785f070 elementor-section-content-middle elementor-section-boxed elementor-section-height-default elementor-section-height-default\" data-id=\"6785f070\" data-element_type=\"section\" data-settings=\"{&quot;background_background&quot;:&quot;classic&quot;}\">\n\t\t\t\t\t\t<div class=\"elementor-container elementor-column-gap-no\">\n\t\t\t\t\t<div class=\"elementor-column elementor-col-50 elementor-top-column elementor-element elementor-element-236a079\" data-id=\"236a079\" data-element_type=\"column\">\n\t\t\t<div class=\"elementor-widget-wrap elementor-element-populated\">\n\t\t\t\t\t\t<div class=\"elementor-element elementor-element-c4cbc04 elementor-widget elementor-widget-heading\" data-id=\"c4cbc04\" data-element_type=\"widget\" data-widget_type=\"heading.default\">\n\t\t\t\t<div class=\"elementor-widget-container\">\n\t\t\t<h2 class=\"elementor-heading-title elementor-size-default\">YHDEN NAISEN YRITYS<\/h2>\t\t<\/div>\n\t\t\t\t<\/div>\n\t\t\t\t<div class=\"elementor-element elementor-element-5aabbfce elementor-widget elementor-widget-text-editor\" data-id=\"5aabbfce\" data-element_type=\"widget\" data-widget_type=\"text-editor.default\">\n\t\t\t\t<div class=\"elementor-widget-container\">\n\t\t\t<style>\/*! elementor - v3.21.0 - 15-04-2024 *\/\n.elementor-widget-text-editor.elementor-drop-cap-view-stacked .elementor-drop-cap{background-color:#69727d;color:#fff}.elementor-widget-text-editor.elementor-drop-cap-view-framed .elementor-drop-cap{color:#69727d;border:3px solid;background-color:transparent}.elementor-widget-text-editor:not(.elementor-drop-cap-view-default) .elementor-drop-cap{margin-top:8px}.elementor-widget-text-editor:not(.elementor-drop-cap-view-default) .elementor-drop-cap-letter{width:1em;height:1em}.elementor-widget-text-editor .elementor-drop-cap{float:left;text-align:center;line-height:1;font-size:50px}.elementor-widget-text-editor .elementor-drop-cap-letter{display:inline-block}<\/style>\t\t\t\t<p>Lakiasiaintoimisto Laukka on rovaniemel\u00e4inen lakitoimisto, joka toimii yhden naisen voimin. Yritt\u00e4j\u00e4, lakimies Aino Marttinen on It\u00e4-Suomen yliopiston oikeustieteiden laitokselta valmistunut juridiikan koulutettu ammattilainen, finanssioikeuden erikoisjuristi, HTM. H\u00e4nen erikoisosaamistaan on yleisjuridiikan lis\u00e4ksi auto- ja ajoneuvoverotus. Aino on ty\u00f6skennellyt ennen oman toimistonsa perustamista niin julkisella kuin yksityisell\u00e4kin sektorilla, ja ker\u00e4nnyt kokemusta muun muassa sopimus-, yritys- ja verojuridiikasta. Ty\u00f6skentelytavoiltaan Aino on tarkka ja t\u00e4sm\u00e4llinen. H\u00e4n on taitava ilmaisemaan itse\u00e4\u00e4n niin kirjallisesti kuin suullisestikin, ja omaa erinomaiset sosiaaliset taidot. H\u00e4n on empaattinen ja iloinen &#8211; sellainen lakimies, jota kenen tahansa on helppoa l\u00e4hesty\u00e4. Yritystoiminnan vastapainoksi Aino ulkoilee, leipoo ja neuloo. My\u00f6s urheiluautoilu on h\u00e4nelle t\u00e4rke\u00e4 harrastus. Lis\u00e4ksi Aino toimii yhten\u00e4 harvoista suomalaisista m\u00e4kihypyn arvostelutuomareista kansainv\u00e4lisell\u00e4 tasolla.<\/p>\t\t\t\t\t\t<\/div>\n\t\t\t\t<\/div>\n\t\t\t\t\t<\/div>\n\t\t<\/div>\n\t\t\t\t<div class=\"elementor-column elementor-col-50 elementor-top-column elementor-element elementor-element-2c9a3eef\" data-id=\"2c9a3eef\" data-element_type=\"column\" data-settings=\"{&quot;background_background&quot;:&quot;classic&quot;}\">\n\t\t\t<div class=\"elementor-widget-wrap elementor-element-populated\">\n\t\t\t\t\t\t<div class=\"elementor-element elementor-element-edf5b88 elementor-widget elementor-widget-image\" data-id=\"edf5b88\" data-element_type=\"widget\" data-widget_type=\"image.default\">\n\t\t\t\t<div class=\"elementor-widget-container\">\n\t\t\t<style>\/*! elementor - v3.21.0 - 15-04-2024 *\/\n.elementor-widget-image{text-align:center}.elementor-widget-image a{display:inline-block}.elementor-widget-image a img[src$=\".svg\"]{width:48px}.elementor-widget-image img{vertical-align:middle;display:inline-block}<\/style>\t\t\t\t\t\t\t\t\t\t<img fetchpriority=\"high\" width=\"498\" height=\"662\" src=\"https:\/\/www.lakilaukka.fi\/wp-content\/uploads\/2022\/08\/kuva-1-3.png\" class=\"attachment-large size-large wp-image-2008\" alt=\"\" srcset=\"https:\/\/www.lakilaukka.fi\/wp-content\/uploads\/2022\/08\/kuva-1-3.png 498w, https:\/\/www.lakilaukka.fi\/wp-content\/uploads\/2022\/08\/kuva-1-3-226x300.png 226w\" sizes=\"(max-width: 498px) 100vw, 498px\" \/>\t\t\t\t\t\t\t\t\t\t\t\t\t<\/div>\n\t\t\t\t<\/div>\n\t\t\t\t\t<\/div>\n\t\t<\/div>\n\t\t\t\t\t<\/div>\n\t\t<\/section>\n\t\t\t\t<section class=\"elementor-section elementor-top-section elementor-element elementor-element-258f1039 elementor-section-content-middle elementor-section-boxed elementor-section-height-default elementor-section-height-default\" data-id=\"258f1039\" data-element_type=\"section\" data-settings=\"{&quot;background_background&quot;:&quot;classic&quot;}\">\n\t\t\t\t\t\t\t<div class=\"elementor-background-overlay\"><\/div>\n\t\t\t\t\t\t\t<div class=\"elementor-container elementor-column-gap-no\">\n\t\t\t\t\t<div class=\"elementor-column elementor-col-100 elementor-top-column elementor-element elementor-element-621c72c3\" data-id=\"621c72c3\" data-element_type=\"column\">\n\t\t\t<div class=\"elementor-widget-wrap elementor-element-populated\">\n\t\t\t\t\t\t<div class=\"elementor-element elementor-element-c1bcba7 elementor-widget elementor-widget-heading\" data-id=\"c1bcba7\" data-element_type=\"widget\" data-widget_type=\"heading.default\">\n\t\t\t\t<div class=\"elementor-widget-container\">\n\t\t\t<h2 class=\"elementor-heading-title elementor-size-default\">TOIMISTOMME<\/h2>\t\t<\/div>\n\t\t\t\t<\/div>\n\t\t\t\t<div class=\"elementor-element elementor-element-e669bc3 elementor-widget elementor-widget-text-editor\" data-id=\"e669bc3\" data-element_type=\"widget\" data-widget_type=\"text-editor.default\">\n\t\t\t\t<div class=\"elementor-widget-container\">\n\t\t\t\t\t\t\t<p>Lakiasiaintoimisto Laukan toimipiste sijaitsee toistaiseksi yritt\u00e4j\u00e4n oman kodin yhteydess\u00e4. T\u00e4st\u00e4 johtuen toimistollemme ei voi tulla k\u00e4ym\u00e4\u00e4n ilman ennalta sovittua aikaa. Ensimm\u00e4isen yhteydenoton tulee aina tapahtua puhelimitse tai s\u00e4hk\u00f6postitse. T\u00e4m\u00e4n j\u00e4lkeen tapaamiset asian tiimoilta voidaan tarvittaessa sopia joko yrityksen toimitiloihin, asiakkaan omaan kotiin tai asiakkaan yrityksen toimitiloihin. Usein kasvokkain tapaaminen on miellytt\u00e4v\u00e4\u00e4 kummankin osapuolen kannalta, ja luo vahvemman asiakassuhteen. Tarvittaessa t\u00e4ysin kontaktittomat toimeksiannotkin onnistuvat, sill\u00e4 k\u00e4yt\u00e4mme nykyaikaisia viestint\u00e4menetelmi\u00e4, jotka mahdollistavat tarvittavan kommunikaation sek\u00e4 et\u00e4palaverimahdollisuuden.<\/p><p>\u00a0<\/p>\t\t\t\t\t\t<\/div>\n\t\t\t\t<\/div>\n\t\t\t\t<section class=\"elementor-section elementor-inner-section elementor-element elementor-element-1550a677 elementor-section-content-middle elementor-section-boxed elementor-section-height-default elementor-section-height-default\" data-id=\"1550a677\" data-element_type=\"section\">\n\t\t\t\t\t\t<div class=\"elementor-container elementor-column-gap-no\">\n\t\t\t\t\t<div class=\"elementor-column elementor-col-50 elementor-inner-column elementor-element elementor-element-2f37c46f\" data-id=\"2f37c46f\" data-element_type=\"column\" data-settings=\"{&quot;background_background&quot;:&quot;classic&quot;}\">\n\t\t\t<div class=\"elementor-widget-wrap elementor-element-populated\">\n\t\t\t\t\t\t<div class=\"elementor-element elementor-element-6df3ced elementor-widget elementor-widget-heading\" data-id=\"6df3ced\" data-element_type=\"widget\" data-widget_type=\"heading.default\">\n\t\t\t\t<div class=\"elementor-widget-container\">\n\t\t\t<h2 class=\"elementor-heading-title elementor-size-default\">KOKO LAPIN LAKIASIAINTOIMISTO<\/h2>\t\t<\/div>\n\t\t\t\t<\/div>\n\t\t\t\t<div class=\"elementor-element elementor-element-4dd3153 elementor-widget elementor-widget-text-editor\" data-id=\"4dd3153\" data-element_type=\"widget\" data-widget_type=\"text-editor.default\">\n\t\t\t\t<div class=\"elementor-widget-container\">\n\t\t\t\t\t\t\t<p>Palvelemme monipuolisesti koko Lapin alueen asukkaita sek\u00e4 yrityksi\u00e4. Meill\u00e4 on mahdollisuus liikkua maakunnan sis\u00e4ll\u00e4 kaupungista ja kunnasta toiseen tarpeen tullen. Tunnemme hyvin Lapin ja lappilaiset &#8211; koko maakunnan asukkaiden apuna toimiminen on meille suuri ilo. Meill\u00e4 on erinomaiset mahdollisuudet et\u00e4palaverien pit\u00e4miseen, jolloin sin\u00e4 voit halutessasi pysy\u00e4 kotikyl\u00e4ss\u00e4si, ja me hoidamme toimeksiantosi Rovaniemell\u00e4. Usein kommunikointiin riitt\u00e4\u00e4 mainiosti puhelinkeskustelut sek\u00e4 s\u00e4hk\u00f6postit, mutta tarvittaessa voimme my\u00f6s j\u00e4rjest\u00e4\u00e4 tapaamisen et\u00e4n\u00e4. T\u00e4m\u00e4 on aikaa s\u00e4\u00e4st\u00e4v\u00e4\u00e4, kustannustehokasta sek\u00e4 nykyaikaista. Meill\u00e4 on mahdollisuus s\u00e4hk\u00f6iseen asiakirjojen allekirjoittamiseen sek\u00e4 niiden l\u00e4hett\u00e4miseen s\u00e4hk\u00f6postitse salattuna ja tietoturvallisesti.<\/p>\t\t\t\t\t\t<\/div>\n\t\t\t\t<\/div>\n\t\t\t\t\t<\/div>\n\t\t<\/div>\n\t\t\t\t<div class=\"elementor-column elementor-col-50 elementor-inner-column elementor-element elementor-element-89e9cdf\" data-id=\"89e9cdf\" data-element_type=\"column\" data-settings=\"{&quot;background_background&quot;:&quot;classic&quot;}\">\n\t\t\t<div class=\"elementor-widget-wrap elementor-element-populated\">\n\t\t\t\t\t\t<div class=\"elementor-element elementor-element-8d066f1 elementor-widget elementor-widget-heading\" data-id=\"8d066f1\" data-element_type=\"widget\" data-widget_type=\"heading.default\">\n\t\t\t\t<div class=\"elementor-widget-container\">\n\t\t\t<h2 class=\"elementor-heading-title elementor-size-default\">PALVELUA MY\u00d6S VALTAKUNNALLISESTI<\/h2>\t\t<\/div>\n\t\t\t\t<\/div>\n\t\t\t\t<div class=\"elementor-element elementor-element-3ba34005 elementor-widget elementor-widget-text-editor\" data-id=\"3ba34005\" data-element_type=\"widget\" data-widget_type=\"text-editor.default\">\n\t\t\t\t<div class=\"elementor-widget-container\">\n\t\t\t\t\t\t\t<p>Olitpa sitten lappilainen, jonka kes\u00e4m\u00f6kki sijaitsee J\u00e4rvi-Suomessa, tai etel\u00e4suomalainen, joka syyst\u00e4 tai toisesta p\u00e4\u00e4tyi yrityksemme kotisivuille, meill\u00e4 on sinulle hyvi\u00e4 uutisia. Palvelemme ihan jokaista. Toimivien ja nykyaikaisten et\u00e4kokousmahdollisuuksien ansiosta pystymme helposti toimimaan apunasi riippumatta siit\u00e4, miss\u00e4 p\u00e4in Suomea asut tai muutoin viet\u00e4t aikaasi. Yhteydenpito onnistuu k\u00e4tev\u00e4sti puhelimitse sek\u00e4 s\u00e4hk\u00f6postitse, ja et\u00e4palaverimahdollisuuksien ansiosta voimme my\u00f6s tavata webkameran v\u00e4lityksell\u00e4 niin halutessasi. Lakimiehemme viett\u00e4\u00e4 perhesuhteidensa vuoksi erityisen paljon aikaa P\u00e4ij\u00e4t-H\u00e4meen alueella, joten kyseisell\u00e4 seudulla my\u00f6s kasvokkain pidett\u00e4v\u00e4t palaverit ovat helposti sovittavissa.<\/p>\t\t\t\t\t\t<\/div>\n\t\t\t\t<\/div>\n\t\t\t\t\t<\/div>\n\t\t<\/div>\n\t\t\t\t\t<\/div>\n\t\t<\/section>\n\t\t\t\t\t<\/div>\n\t\t<\/div>\n\t\t\t\t\t<\/div>\n\t\t<\/section>\n\t\t\t\t<\/div>\n\t\t","protected":false},"excerpt":{"rendered":"<p>MEIST\u00c4 MILLAINEN LAKIASIAINTOIMISTO OLEMME? TUTUSTUTAAN YHDEN NAISEN YRITYS Lakiasiaintoimisto Laukka on rovaniemel\u00e4inen lakitoimisto, joka toimii yhden naisen voimin. Yritt\u00e4j\u00e4, lakimies Aino Marttinen on It\u00e4-Suomen yliopiston oikeustieteiden laitokselta valmistunut juridiikan koulutettu ammattilainen, finanssioikeuden erikoisjuristi, HTM. H\u00e4nen erikoisosaamistaan on yleisjuridiikan lis\u00e4ksi auto- ja ajoneuvoverotus. Aino on ty\u00f6skennellyt ennen oman toimistonsa perustamista niin julkisella kuin yksityisell\u00e4kin sektorilla, ja [&hellip;]<\/p>\n","protected":false},"author":1,"featured_media":0,"parent":0,"menu_order":0,"comment_status":"closed","ping_status":"closed","template":"","meta":{"site-sidebar-layout":"default","site-content-layout":"page-builder","ast-site-content-layout":"default","site-content-style":"default","site-sidebar-style":"default","ast-global-header-display":"","ast-banner-title-visibility":"","ast-main-header-display":"","ast-hfb-above-header-display":"","ast-hfb-below-header-display":"","ast-hfb-mobile-header-display":"","site-post-title":"disabled","ast-breadcrumbs-content":"","ast-featured-img":"disabled","footer-sml-layout":"","ast-disable-related-posts":"","theme-transparent-header-meta":"enabled","adv-header-id-meta":"","stick-header-meta":"","header-above-stick-meta":"","header-main-stick-meta":"","header-below-stick-meta":"","astra-migrate-meta-layouts":"default","ast-page-background-enabled":"default","ast-page-background-meta":{"desktop":{"background-color":"","background-image":"","background-repeat":"repeat","background-position":"center center","background-size":"auto","background-attachment":"scroll","background-type":"","background-media":"","overlay-type":"","overlay-color":"","overlay-opacity":"","overlay-gradient":""},"tablet":{"background-color":"","background-image":"","background-repeat":"repeat","background-position":"center center","background-size":"auto","background-attachment":"scroll","background-type":"","background-media":"","overlay-type":"","overlay-color":"","overlay-opacity":"","overlay-gradient":""},"mobile":{"background-color":"","background-image":"","background-repeat":"repeat","background-position":"center center","background-size":"auto","background-attachment":"scroll","background-type":"","background-media":"","overlay-type":"","overlay-color":"","overlay-opacity":"","overlay-gradient":""}},"ast-content-background-meta":{"desktop":{"background-color":"var(--ast-global-color-5)","background-image":"","background-repeat":"repeat","background-position":"center center","background-size":"auto","background-attachment":"scroll","background-type":"","background-media":"","overlay-type":"","overlay-color":"","overlay-opacity":"","overlay-gradient":""},"tablet":{"background-color":"var(--ast-global-color-5)","background-image":"","background-repeat":"repeat","background-position":"center center","background-size":"auto","background-attachment":"scroll","background-type":"","background-media":"","overlay-type":"","overlay-color":"","overlay-opacity":"","overlay-gradient":""},"mobile":{"background-color":"var(--ast-global-color-5)","background-image":"","background-repeat":"repeat","background-position":"center center","background-size":"auto","background-attachment":"scroll","background-type":"","background-media":"","overlay-type":"","overlay-color":"","overlay-opacity":"","overlay-gradient":""}}},"_links":{"self":[{"href":"https:\/\/www.lakilaukka.fi\/index.php?rest_route=\/wp\/v2\/pages\/1803"}],"collection":[{"href":"https:\/\/www.lakilaukka.fi\/index.php?rest_route=\/wp\/v2\/pages"}],"about":[{"href":"https:\/\/www.lakilaukka.fi\/index.php?rest_route=\/wp\/v2\/types\/page"}],"author":[{"embeddable":true,"href":"https:\/\/www.lakilaukka.fi\/index.php?rest_route=\/wp\/v2\/users\/1"}],"replies":[{"embeddable":true,"href":"https:\/\/www.lakilaukka.fi\/index.php?rest_route=%2Fwp%2Fv2%2Fcomments&post=1803"}],"version-history":[{"count":44,"href":"https:\/\/www.lakilaukka.fi\/index.php?rest_route=\/wp\/v2\/pages\/1803\/revisions"}],"predecessor-version":[{"id":2247,"href":"https:\/\/www.lakilaukka.fi\/index.php?rest_route=\/wp\/v2\/pages\/1803\/revisions\/2247"}],"wp:attachment":[{"href":"https:\/\/www.lakilaukka.fi\/index.php?rest_route=%2Fwp%2Fv2%2Fmedia&parent=1803"}],"curies":[{"name":"wp","href":"https:\/\/api.w.org\/{rel}","templated":true}]}}